{"id":25112,"date":"2023-05-12T17:11:05","date_gmt":"2023-05-12T20:11:05","guid":{"rendered":"https:\/\/www.suprir.com.br\/bfm\/?page_id=25112"},"modified":"2023-05-18T10:00:53","modified_gmt":"2023-05-18T13:00:53","slug":"contato","status":"publish","type":"page","link":"https:\/\/www.suprir.com.br\/bfm\/contato\/","title":{"rendered":"Contato"},"content":{"rendered":"\n<div class=\"wp-block-uagb-container uagb-block-28ab7ed3 alignfull uagb-is-root-container\"><div class=\"uagb-container__shape uagb-container__shape-bottom uagb-container__invert\" data-negative=\"false\"><svg xmlns=\"https:\/\/www.w3.org\/2000\/svg\" viewBox=\"0 0 1000 100\" preserveAspectRatio=\"none\"><path class=\"uagb-container__shape-fill\" d=\"M421.9,6.5c22.6-2.5,51.5,0.4,75.5,5.3c23.6,4.9,70.9,23.5,100.5,35.7c75.8,32.2,133.7,44.5,192.6,49.7  c23.6,2.1,48.7,3.5,103.4-2.5c54.7-6,106.2-25.6,106.2-25.6V0H0v30.3c0,0,72,32.6,158.4,30.5c39.2-0.7,92.8-6.7,134-22.4  c21.2-8.1,52.2-18.2,79.7-24.2C399.3,7.9,411.6,7.5,421.9,6.5z\"><\/path><\/svg><\/div><div class=\"uagb-container-inner-blocks-wrap\">\n<div class=\"wp-block-uagb-container uagb-block-cbc0aa99\">\n<div class=\"wp-block-uagb-advanced-heading uagb-block-7eac1952\"><h6 class=\"uagb-heading-text\">Fale com a gente<\/h6><\/div>\n\n\n\n<div class=\"wp-block-uagb-image alignleft uagb-block-a5aa5ef6 wp-block-uagb-image--layout-default wp-block-uagb-image--effect-static wp-block-uagb-image--align-left\"><figure class=\"wp-block-uagb-image__figure\"><img decoding=\"async\" srcset=\"https:\/\/www.suprir.com.br\/bfm\/wp-content\/uploads\/2023\/05\/Logo-Suprir.png \" sizes=\"auto, (max-width: 480px) 150px\" src=\"https:\/\/www.suprir.com.br\/bfm\/wp-content\/uploads\/2023\/05\/Logo-Suprir.png\" alt=\"\" class=\"uag-image-25148\" width=\"269\" height=\"41\" title=\"\" loading=\"lazy\"\/><\/figure><\/div>\n\n\n\n<div class=\"wp-block-uagb-advanced-heading uagb-block-2e719d3d\"><p class=\"uagb-heading-text\">Entre em contato com nossa equipe t\u00e9cnica, especializada em solu\u00e7\u00f5es BFM\u00ae Fitting para sua f\u00e1brica ou ind\u00fastria.<\/p><\/div>\n\n\n\n<div class=\"wp-block-uagb-info-box uagb-block-fa37dc38 uagb-infobox__content-wrap  uagb-infobox-icon-left uagb-infobox-left uagb-infobox-stacked-mobile uagb-infobox-image-valign-top\"><div class=\"uagb-ifb-icon-wrap\"><div class=\"uagb-iconbox-icon-wrap uagb-infobox-shape-circle\"><svg xmlns=\"https:\/\/www.w3.org\/2000\/svg\" viewBox=\"0 0 512 512\"><path d=\"M511.2 387l-23.25 100.8c-3.266 14.25-15.79 24.22-30.46 24.22C205.2 512 0 306.8 0 54.5c0-14.66 9.969-27.2 24.22-30.45l100.8-23.25C139.7-2.602 154.7 5.018 160.8 18.92l46.52 108.5c5.438 12.78 1.77 27.67-8.98 36.45L144.5 207.1c33.98 69.22 90.26 125.5 159.5 159.5l44.08-53.8c8.688-10.78 23.69-14.51 36.47-8.975l108.5 46.51C506.1 357.2 514.6 372.4 511.2 387z\"><\/path><\/svg><\/div><\/div><div class=\"uagb-ifb-content\"><div class=\"uagb-ifb-title-wrap\"><h6 class=\"uagb-ifb-title\">nosso telefone<\/h6><\/div><p class=\"uagb-ifb-desc\">+55 (16) 2102-6500<\/p><\/div><\/div>\n\n\n\n<div class=\"wp-block-uagb-info-box uagb-block-bfbf17a3 uagb-infobox__content-wrap  uagb-infobox-icon-left uagb-infobox-left uagb-infobox-stacked-tablet uagb-infobox-image-valign-top\"><div class=\"uagb-ifb-icon-wrap\"><div class=\"uagb-iconbox-icon-wrap uagb-infobox-shape-circle\"><svg xmlns=\"https:\/\/www.w3.org\/2000\/svg\" viewBox=\"0 0 384 512\"><path d=\"M168.3 499.2C116.1 435 0 279.4 0 192C0 85.96 85.96 0 192 0C298 0 384 85.96 384 192C384 279.4 267 435 215.7 499.2C203.4 514.5 180.6 514.5 168.3 499.2H168.3zM192 256C227.3 256 256 227.3 256 192C256 156.7 227.3 128 192 128C156.7 128 128 156.7 128 192C128 227.3 156.7 256 192 256z\"><\/path><\/svg><\/div><\/div><div class=\"uagb-ifb-content\"><div class=\"uagb-ifb-title-wrap\"><h3 class=\"uagb-ifb-title\">Nossa Localiza\u00e7\u00e3o<\/h3><\/div><p class=\"uagb-ifb-desc\">Rodovia Anhanguera, S\/N \u2013 km 307<br>Ribeir\u00e3o Preto, SP 14097-140<\/p><\/div><\/div>\n\n\n\t\t\t<div \n\t\t\tclass=\"wp-block-uagb-google-map uagb-google-map__wrap uagb-block-7a28586b     \"\n\t\t\tstyle=\"\" >\n\t\t\t\t<embed\n\t\t\t\t\tclass=\"uagb-google-map__iframe\"\n\t\t\t\t\ttitle=\"Google Map for \"\n\t\t\t\t\tsrc=\"https:\/\/maps.google.com\/maps?q=Suprir&#038;z=15&#038;hl=pt&#038;t=m&#038;output=embed&#038;iwloc=near\"\n\t\t\t\t\twidth=\"640\"\n\t\t\t\t\theight=\"300\"\n\t\t\t\t\tloading=\"lazy\"\n\t\t\t\t><\/embed>\n\t\t\t<\/div>\n\t\t\t<\/div>\n\n\n\n<div class=\"wp-block-uagb-container uagb-block-8c964dcd\">\n<div class=\"wp-block-uagb-advanced-heading uagb-block-5a01540c\"><h3 class=\"uagb-heading-text\">Envie uma mensagem!<\/h3><\/div>\n\n\n<div class=\"wpforms-container \" id=\"wpforms-25054\"><form id=\"wpforms-form-25054\" class=\"wpforms-validate wpforms-form wpforms-ajax-form\" data-formid=\"25054\" method=\"post\" enctype=\"multipart\/form-data\" action=\"\/bfm\/wp-json\/wp\/v2\/pages\/25112\" data-token=\"1f1efa6da4aa0ce019f208f63a3b8c75\"><noscript class=\"wpforms-error-noscript\">Ative o JavaScript no seu navegador para preencher este formul\u00e1rio.<\/noscript><div class=\"wpforms-field-container\"><div id=\"wpforms-25054-field_1-container\" class=\"wpforms-field wpforms-field-text\" data-field-id=\"1\"><label class=\"wpforms-field-label\" for=\"wpforms-25054-field_1\">Nome <span class=\"wpforms-required-label\">*<\/span><\/label><input type=\"text\" id=\"wpforms-25054-field_1\" class=\"wpforms-field-large wpforms-field-required\" name=\"wpforms[fields][1]\" required><\/div><div id=\"wpforms-25054-field_7-container\" class=\"wpforms-field wpforms-field-number\" data-field-id=\"7\"><label class=\"wpforms-field-label\" for=\"wpforms-25054-field_7\">CNPJ <span class=\"wpforms-required-label\">*<\/span><\/label><input type=\"number\" pattern=\"\\d*\" id=\"wpforms-25054-field_7\" class=\"wpforms-field-large wpforms-field-required\" name=\"wpforms[fields][7]\" required><\/div><div id=\"wpforms-25054-field_8-container\" class=\"wpforms-field wpforms-field-select wpforms-field-select-style-classic\" data-field-id=\"8\"><label class=\"wpforms-field-label\" for=\"wpforms-25054-field_8\">Cargo na empresa <span class=\"wpforms-required-label\">*<\/span><\/label><select id=\"wpforms-25054-field_8\" class=\"wpforms-field-large wpforms-field-required\" name=\"wpforms[fields][8]\" required=\"required\"><option value=\"Administrativo\" >Administrativo<\/option><option value=\"Compras\" >Compras<\/option><option value=\"Diretoria\" >Diretoria<\/option><option value=\"Engenharia\" >Engenharia<\/option><option value=\"Outros\" >Outros<\/option><\/select><\/div><div id=\"wpforms-25054-field_3-container\" class=\"wpforms-field wpforms-field-email\" data-field-id=\"3\"><label class=\"wpforms-field-label\" for=\"wpforms-25054-field_3\">E-mail <span class=\"wpforms-required-label\">*<\/span><\/label><div class=\"wpforms-field-row wpforms-field-large\"><div class=\"wpforms-field-row-block wpforms-one-half wpforms-first\"><input type=\"email\" id=\"wpforms-25054-field_3\" class=\"wpforms-field-required wpforms-field-email-primary\" name=\"wpforms[fields][3][primary]\" required><label for=\"wpforms-25054-field_3\" class=\"wpforms-field-sublabel after \">E-mail<\/label><\/div><div class=\"wpforms-field-row-block wpforms-one-half\"><input type=\"email\" id=\"wpforms-25054-field_3-secondary\" class=\"wpforms-field-email-secondary wpforms-field-required\" data-rule-confirm=\"#wpforms-25054-field_3\" name=\"wpforms[fields][3][secondary]\" required><label for=\"wpforms-25054-field_3-secondary\" class=\"wpforms-field-sublabel after \">Confirmar e-mail<\/label><\/div><\/div><\/div><div id=\"wpforms-25054-field_4-container\" class=\"wpforms-field wpforms-field-text\" data-field-id=\"4\"><label class=\"wpforms-field-label\" for=\"wpforms-25054-field_4\">Empresa <span class=\"wpforms-required-label\">*<\/span><\/label><input type=\"text\" id=\"wpforms-25054-field_4\" class=\"wpforms-field-large wpforms-field-required\" name=\"wpforms[fields][4]\" required><\/div><div id=\"wpforms-25054-field_5-container\" class=\"wpforms-field wpforms-field-text\" data-field-id=\"5\"><label class=\"wpforms-field-label\" for=\"wpforms-25054-field_5\">Telefone\/Whatsapp com DDD <span class=\"wpforms-required-label\">*<\/span><\/label><input type=\"text\" id=\"wpforms-25054-field_5\" class=\"wpforms-field-large wpforms-field-required\" name=\"wpforms[fields][5]\" required><\/div><div id=\"wpforms-25054-field_6-container\" class=\"wpforms-field wpforms-field-checkbox\" data-field-id=\"6\"><label class=\"wpforms-field-label\" for=\"wpforms-25054-field_6\">Termo de Consentimento <span class=\"wpforms-required-label\">*<\/span><\/label><ul id=\"wpforms-25054-field_6\" class=\"wpforms-field-required\"><li class=\"choice-1 depth-1 wpforms-selected\"><input type=\"checkbox\" id=\"wpforms-25054-field_6_1\" name=\"wpforms[fields][6][]\" value=\"Li o Termo de Consentimento para Tratamento de Dados Pessoais.\" required  checked='checked'><label class=\"wpforms-field-label-inline\" for=\"wpforms-25054-field_6_1\">Li o Termo de Consentimento para Tratamento de Dados Pessoais.<\/label><\/li><\/ul><div class=\"wpforms-field-description\">Leia o termo completo <a href=\"https:\/\/www.suprir.com.br\/termo-de-consentimento-para-tratamento-de-dados-pessoais\/\" target=\"_blank\">clicando aqui.<\/a><\/div><\/div><\/div><div class=\"wpforms-submit-container\"><input type=\"hidden\" name=\"wpforms[id]\" value=\"25054\"><input type=\"hidden\" name=\"wpforms[author]\" value=\"2\"><button type=\"submit\" name=\"wpforms[submit]\" id=\"wpforms-submit-25054\" class=\"wpforms-submit\" data-alt-text=\"Enviando\u2026\" data-submit-text=\"Enviar\" aria-live=\"assertive\" value=\"wpforms-submit\">Enviar<\/button><img loading=\"lazy\" decoding=\"async\" src=\"https:\/\/www.suprir.com.br\/bfm\/wp-content\/plugins\/wpforms\/assets\/images\/submit-spin.svg\" class=\"wpforms-submit-spinner\" style=\"display: none;\" width=\"26\" height=\"26\" alt=\"Carregando\"><\/div><\/form><\/div>  <!-- .wpforms-container --><\/div>\n<\/div><\/div>\n\n\n\n<div class=\"wp-block-uagb-container uagb-block-0390ef4e alignfull uagb-is-root-container\"><div class=\"uagb-container-inner-blocks-wrap\">\n<div class=\"wp-block-uagb-container uagb-block-dcdd2779\">\n<div class=\"wp-block-uagb-image uagb-block-71e82265 wp-block-uagb-image--layout-default wp-block-uagb-image--effect-static wp-block-uagb-image--align-none\"><figure class=\"wp-block-uagb-image__figure\"><img decoding=\"async\" srcset=\"https:\/\/www.suprir.com.br\/bfm\/wp-content\/uploads\/2023\/05\/ajinomoto-limeira.jpg \" sizes=\"(max-width: 480px) 150px\" src=\"https:\/\/www.suprir.com.br\/bfm\/wp-content\/uploads\/2023\/05\/ajinomoto-limeira.jpg\" alt=\"\" class=\"uag-image-25172\" title=\"\" loading=\"lazy\"\/><\/figure><\/div>\n\n\n\n<div class=\"wp-block-uagb-testimonial uagb-slick-carousel uagb-tm__arrow-outside uagb-block-d8da332d uagb-post__carousel_notset uagb-post__carousel_notset-tablet uagb-post__carousel_notset-mobile\"><div class=\"is-carousel uagb-tm__columns-1 uagb-tm__items\"><div class=\"uagb-testimonial__wrap  uagb-tm__imgicon-style-circle uagb-tm__image-position-bottom uagb-tm__bg-type-none \"><div class=\"uagb-tm__content\"><div class=\"uagb-tm__overlay\"><\/div><div class=\"uagb-tm__text-wrap\"><div class=\"uagb-tm__desc\">\u201cA instala\u00e7\u00e3o dos Conectores Flex\u00edveis BFM\u00ae neste local inicial fez uma grande diferen\u00e7a na efici\u00eancia geral da nossa produ\u00e7\u00e3o. Sem a necessidade de desligamentos para troca de conectores com falha, nossa equipe de engenharia pode se concentrar em projetos mais produtivos\u201d.<\/div><div class=\"uagb-tm__meta-inner\"><div class=\"uagb-testimonial-details\"><span class=\"uagb-tm__author-name\">Jo\u00e3o Paulo Camargo<\/span><span class=\"uagb-tm__company\">Engenheiro Respons\u00e1vel pela F\u00e1brica Limeira, Ajinomoto Brasil<\/span><\/div><\/div><\/div><\/div><\/div><\/div><\/div>\n<\/div>\n\n\n\n<div class=\"wp-block-uagb-container uagb-block-589673e7\">\n<div class=\"wp-block-uagb-info-box uagb-block-7e7684b3 uagb-infobox__content-wrap  uagb-infobox-icon-above-title uagb-infobox-image-valign-top\"><div class=\"uagb-ifb-content\"><div class=\"uagb-ifb-title-wrap\"><div class=\"uagb-ifb-separator\"><\/div><h2 class=\"uagb-ifb-title\">Ganhos em efici\u00eancia e higiene impressionam gigante global<\/h2><\/div><p class=\"uagb-ifb-desc\">A gigante global de alimentos e biotecnologia, Ajinomoto, est\u00e1 presente no Brasil h\u00e1 mais de 50 anos, e sua f\u00e1brica em Limeira, nordeste de S\u00e3o Paulo \u00e9 hoje a maior produtora mundial de MSG. Eles tinham um ponto de transi\u00e7\u00e3o particularmente desafiador entre uma centr\u00edfuga e o transportador vibrat\u00f3rio que exigia trocas frequentes de conectores, causando extenso tempo de inatividade da produ\u00e7\u00e3o. Ao redesenhar o ponto de transi\u00e7\u00e3o para substituir o robusto conector \u00fanico por v\u00e1rios Conectores BFM\u00ae, eles melhoraram a higiene da planta e a efici\u00eancia produtiva drasticamente \u2013 tanto que as Conectores BFM\u00ae agora est\u00e3o sendo padronizadas em todas as 4 f\u00e1bricas da Ajinomoto no Brasil.<\/p><\/div><\/div>\n<\/div>\n<\/div><\/div>\n","protected":false},"excerpt":{"rendered":"<p>Fale com a gente Entre em contato com nossa equipe t\u00e9cnica, especializada em solu\u00e7\u00f5es BFM\u00ae Fitting para sua f\u00e1brica ou ind\u00fastria. Envie uma mensagem!<\/p>\n","protected":false},"author":2,"featured_media":0,"parent":0,"menu_order":0,"comment_status":"closed","ping_status":"closed","template":"","meta":{"_uag_custom_page_level_css":"","site-sidebar-layout":"default","site-content-layout":"page-builder","ast-site-content-layout":"","site-content-style":"default","site-sidebar-style":"default","ast-global-header-display":"","ast-banner-title-visibility":"","ast-main-header-display":"","ast-hfb-above-header-display":"","ast-hfb-below-header-display":"","ast-hfb-mobile-header-display":"","site-post-title":"","ast-breadcrumbs-content":"","ast-featured-img":"","footer-sml-layout":"","theme-transparent-header-meta":"","adv-header-id-meta":"","stick-header-meta":"","header-above-stick-meta":"","header-main-stick-meta":"","header-below-stick-meta":"","astra-migrate-meta-layouts":"default","ast-page-background-enabled":"default","ast-page-background-meta":{"desktop":{"background-color":"","background-image":"","background-repeat":"repeat","background-position":"center center","background-size":"auto","background-attachment":"scroll","background-type":"","background-media":"","overlay-type":"","overlay-color":"","overlay-opacity":"","overlay-gradient":""},"tablet":{"background-color":"","background-image":"","background-repeat":"repeat","background-position":"center center","background-size":"auto","background-attachment":"scroll","background-type":"","background-media":"","overlay-type":"","overlay-color":"","overlay-opacity":"","overlay-gradient":""},"mobile":{"background-color":"","background-image":"","background-repeat":"repeat","background-position":"center center","background-size":"auto","background-attachment":"scroll","background-type":"","background-media":"","overlay-type":"","overlay-color":"","overlay-opacity":"","overlay-gradient":""}},"ast-content-background-meta":{"desktop":{"background-color":"var(--ast-global-color-5)","background-image":"","background-repeat":"repeat","background-position":"center center","background-size":"auto","background-attachment":"scroll","background-type":"","background-media":"","overlay-type":"","overlay-color":"","overlay-opacity":"","overlay-gradient":""},"tablet":{"background-color":"var(--ast-global-color-5)","background-image":"","background-repeat":"repeat","background-position":"center center","background-size":"auto","background-attachment":"scroll","background-type":"","background-media":"","overlay-type":"","overlay-color":"","overlay-opacity":"","overlay-gradient":""},"mobile":{"background-color":"var(--ast-global-color-5)","background-image":"","background-repeat":"repeat","background-position":"center center","background-size":"auto","background-attachment":"scroll","background-type":"","background-media":"","overlay-type":"","overlay-color":"","overlay-opacity":"","overlay-gradient":""}},"footnotes":""},"class_list":["post-25112","page","type-page","status-publish","hentry"],"uagb_featured_image_src":{"full":false,"thumbnail":false,"medium":false,"medium_large":false,"large":false,"1536x1536":false,"2048x2048":false},"uagb_author_info":{"display_name":"site-bfm","author_link":"https:\/\/www.suprir.com.br\/bfm\/author\/site-bfm\/"},"uagb_comment_info":0,"uagb_excerpt":"Fale com a gente Entre em contato com nossa equipe t\u00e9cnica, especializada em solu\u00e7\u00f5es BFM\u00ae Fitting para sua f\u00e1brica ou ind\u00fastria. Envie uma mensagem!","_links":{"self":[{"href":"https:\/\/www.suprir.com.br\/bfm\/wp-json\/wp\/v2\/pages\/25112","targetHints":{"allow":["GET"]}}],"collection":[{"href":"https:\/\/www.suprir.com.br\/bfm\/wp-json\/wp\/v2\/pages"}],"about":[{"href":"https:\/\/www.suprir.com.br\/bfm\/wp-json\/wp\/v2\/types\/page"}],"author":[{"embeddable":true,"href":"https:\/\/www.suprir.com.br\/bfm\/wp-json\/wp\/v2\/users\/2"}],"replies":[{"embeddable":true,"href":"https:\/\/www.suprir.com.br\/bfm\/wp-json\/wp\/v2\/comments?post=25112"}],"version-history":[{"count":47,"href":"https:\/\/www.suprir.com.br\/bfm\/wp-json\/wp\/v2\/pages\/25112\/revisions"}],"predecessor-version":[{"id":25221,"href":"https:\/\/www.suprir.com.br\/bfm\/wp-json\/wp\/v2\/pages\/25112\/revisions\/25221"}],"wp:attachment":[{"href":"https:\/\/www.suprir.com.br\/bfm\/wp-json\/wp\/v2\/media?parent=25112"}],"curies":[{"name":"wp","href":"https:\/\/api.w.org\/{rel}","templated":true}]}}