{"id":24972,"date":"2018-11-19T19:50:38","date_gmt":"2018-11-19T19:50:38","guid":{"rendered":"https:\/\/www.suprir.com.br\/bfm\/home\/"},"modified":"2024-08-02T10:21:42","modified_gmt":"2024-08-02T13:21:42","slug":"home","status":"publish","type":"page","link":"https:\/\/www.suprir.com.br\/bfm\/","title":{"rendered":"Home"},"content":{"rendered":"\n\n\t\t\t<h1>\n\t\t\t\t\tO novo padr\u00e3o da ind\u00fastria para conectores flex\u00edveis\n\t\t\t\t<\/h1>\n\t\t\t<p>Os conectores flex\u00edveis BFM\u00ae Fitting manter\u00e3o suas \u00e1reas de produ\u00e7\u00e3o mais limpas, economizando tempo valioso, dinheiro e proporcionando um ambiente melhor para a equipe.<\/p>\n\t\t\t<a href=\"#modelos\" target=\"_self\" role=\"button\" rel=\"noopener\">\n\t\t\t\t\t\tConhe\u00e7a mais sobre o produto\n\t\t<\/a>\n\t\t\t<h3>\n\t\t\t\t\tMelhora a higiene\n\t\t\t\t<\/h3>\n\t\t\t<p>N\u00e3o h\u00e1 ac\u00famulo de produto e a f\u00e1cil passagem para limpeza fornece uma solu\u00e7\u00e3o de conex\u00e3o muito mais higi\u00eanica do que produtos fixados onde as fendas podem gerar bact\u00e9rias.<\/p>\n\t\t\t<h3>\n\t\t\t\t\tResistente \u00e0 explos\u00e3o\n\t\t\t\t<\/h3>\n\t\t\t<p>Os conectores BFM\u00ae s\u00e3o mais seguros porque n\u00e3o h\u00e1 vazamento de poeira. A linha de conectores Seeflex foi testada contra explos\u00f5es acima de 60kPa (0,6 bar, 8,7 psi).<\/p>\n\t\t\t<h3>\n\t\t\t\t\tSem vazamentos\n\t\t\t\t<\/h3>\n\t\t\t<p>A veda\u00e7\u00e3o 100% e a natureza dur\u00e1vel dos conectores significam que nenhum produto valioso escapa durante a produ\u00e7\u00e3o normal e n\u00e3o h\u00e1 derramamento devido ao rasgo dos conectores.<\/p>\n\t\t\t<h2>\n\t\t\t\t\tA conex\u00e3o BFM\u00ae define o novo padr\u00e3o da ind\u00fastria\n\t\t\t\t<\/h2>\n\t\t\t<p>Os conectores flex\u00edveis BFM\u00ae Fitting s\u00e3o formados por dois espig\u00f5es (ou flanges) soldados aos seus tubos e um conector flex\u00edvel de encaixe r\u00e1pido, que se encaixa no interior da parte moldada dos dois espig\u00f5es, mantendo-o firmemente no lugar.<\/p>\n<p>Nossa linha Seeflex, feita de <strong>poliuretano transparente \u00e0 base de \u00e9ter<\/strong>, s\u00e3o os conectores de encaixe r\u00e1pido BFM\u00ae mais usados em muitos setores, com uma ampla variedade de materiais para quase todos os processos de aplica\u00e7\u00e3o.<\/p>\n\t\t\t\t<img decoding=\"async\" src=\"https:\/\/www.suprir.com.br\/bfm\/wp-content\/uploads\/2023\/05\/aplicacao-bfm-fitting-600x600.png\" alt=\"aplicacao-bfm-fitting\" itemprop=\"image\" title=\"aplicacao-bfm-fitting\" onerror=\"this.style.display='none'\"  \/>\n\t\t\t\t<img loading=\"lazy\" decoding=\"async\" src=\"https:\/\/www.suprir.com.br\/bfm\/wp-content\/uploads\/2023\/05\/diametro-linha.png\" alt=\"diametro-linha\" itemprop=\"image\" height=\"205\" width=\"1414\" title=\"diametro-linha\" onerror=\"this.style.display='none'\"  \/>\n<h2>\n\t\tComo os conectores BFM\u00ae Fitting atuam?\n\t<\/h2>\n\t<iframe loading=\"lazy\" width=\"1160\" height=\"653\" src=\"https:\/\/www.youtube.com\/embed\/b-pn8KVg4Us\" title=\"BFM\u00ae Fitting - Transforme sua linha de produ\u00e7\u00e3o com conectores flex\u00edveis!\" frameborder=\"0\" allow=\"accelerometer; autoplay; clipboard-write; encrypted-media; gyroscope; picture-in-picture; web-share\" allowfullscreen><\/iframe>\n\t<p>V&aacute;cuo &#8211; F&aacute;brica de Latic&iacute;nios<\/p>\n\t\t\t\t<img loading=\"lazy\" decoding=\"async\" src=\"https:\/\/www.suprir.com.br\/bfm\/wp-content\/uploads\/2023\/05\/Vacuum-Dairy-Plant.jpg\" alt=\"Vacuum-Dairy-Plant\" itemprop=\"image\" height=\"482\" width=\"636\" title=\"Vacuum-Dairy-Plant\" onerror=\"this.style.display='none'\"  \/>\n\t<p>Peneira em moinho de farinha<\/p>\n\t\t\t\t<img loading=\"lazy\" decoding=\"async\" src=\"https:\/\/www.suprir.com.br\/bfm\/wp-content\/uploads\/2023\/05\/Sifter-flour-mill-Austria-1.jpg\" alt=\"Sifter-flour-mill-Austria-1\" itemprop=\"image\" height=\"750\" width=\"1000\" title=\"Sifter-flour-mill-Austria-1\" onerror=\"this.style.display='none'\"  \/>\n\t<p>V\u00e1lvula rotativa com cabo de aterramento<\/p>\n\t\t\t\t<img loading=\"lazy\" decoding=\"async\" src=\"https:\/\/www.suprir.com.br\/bfm\/wp-content\/uploads\/2023\/05\/rotary-valve-discharge-to-vibratory-tube-dairy-plant-NZ-1.jpg\" alt=\"rotary-valve-discharge-to-vibratory-tube-dairy-plant-NZ-1\" itemprop=\"image\" height=\"750\" width=\"1000\" title=\"rotary-valve-discharge-to-vibratory-tube-dairy-plant-NZ-1\" onerror=\"this.style.display='none'\"  \/>\n\t<p>Ra\u00e7\u00e3o seca para animais de estima\u00e7\u00e3o<\/p>\n\t\t\t\t<img loading=\"lazy\" decoding=\"async\" src=\"https:\/\/www.suprir.com.br\/bfm\/wp-content\/uploads\/2023\/05\/FOOD2001-196.jpg\" alt=\"FOOD2001-196\" itemprop=\"image\" height=\"622\" width=\"779\" title=\"FOOD2001-196\" onerror=\"this.style.display='none'\"  \/>\n\t<p>Entrada e sa\u00edda de peneiras vibrat\u00f3rias<\/p>\n\t\t\t\t<img loading=\"lazy\" decoding=\"async\" src=\"https:\/\/www.suprir.com.br\/bfm\/wp-content\/uploads\/2023\/05\/Potato-flour-sifter-inlet-outlet-1.jpg\" alt=\"Potato-flour-sifter-inlet-outlet-1\" itemprop=\"image\" height=\"750\" width=\"1000\" title=\"Potato-flour-sifter-inlet-outlet-1\" onerror=\"this.style.display='none'\"  \/>\n\t<p>Silos para tremonhas intermedi\u00e1rias<\/p>\n\t\t\t\t<img loading=\"lazy\" decoding=\"async\" src=\"https:\/\/www.suprir.com.br\/bfm\/wp-content\/uploads\/2023\/05\/FOOD6001-356-1.jpg\" alt=\"FOOD6001-356-1\" itemprop=\"image\" height=\"750\" width=\"1000\" title=\"FOOD6001-356-1\" onerror=\"this.style.display='none'\"  \/>\n<h2>\n\t\tM\u00e9todo Tradicional\n\t<\/h2>\n\t\t\t\t<img loading=\"lazy\" decoding=\"async\" src=\"https:\/\/www.suprir.com.br\/bfm\/wp-content\/uploads\/2023\/05\/conector-com-vazamento.jpg\" alt=\"conector-com-vazamento\" itemprop=\"image\" height=\"300\" width=\"400\" title=\"conector-com-vazamento\" onerror=\"this.style.display='none'\"  \/>\n\t<ul>\n\t\t<li><h3>Vazamentos<\/h3><p>Vazamento de p\u00f3 atrav\u00e9s de bra\u00e7adeiras.<\/p><\/li><li><h3>Explos\u00e3o<\/h3>A alta press\u00e3o sobrecarrega as bra\u00e7adeiras, gerando risco de explos\u00e3o.<\/li><li><h3>Dif\u00edcil de instalar<\/h3>Dif\u00edcil de ajustar, varia\u00e7\u00f5es e imprecis\u00f5es.<\/li><li><h3>Troca demorada<\/h3>Tempo prolongado de inatividade para substitui\u00e7\u00f5es e limpezas.<\/li>\t<\/ul>\n<h2>\n\t\tCom BFM\u00ae Fitting\n\t<\/h2>\n\t\t\t\t<img loading=\"lazy\" decoding=\"async\" src=\"https:\/\/www.suprir.com.br\/bfm\/wp-content\/uploads\/2023\/05\/conector-bfm.jpg\" alt=\"conector-bfm\" itemprop=\"image\" height=\"300\" width=\"400\" title=\"conector-bfm\" onerror=\"this.style.display='none'\"  \/>\n\t<ul>\n\t\t<li><h3>100% Vedado<\/h3><p>Sem vazamento de poeira e melhor controle de higiene.<\/p><\/li><li><h3>Resistente \u00e0 explos\u00e3o<\/h3>Resist\u00eancia \u00e0 press\u00e3o mais forte e risco de explos\u00e3o reduzido.<\/li><li><h3>Instala\u00e7\u00e3o em 30 segundos<\/h3>A troca mais r\u00e1pida do mercado: em menos de 30 segundos.<\/li><li><h3>Sa\u00fade e seguran\u00e7a<\/h3>Ambiente de f\u00e1brica mais saud\u00e1vel e seguro para a equipe.<\/li>\t<\/ul>\n<h2>\n\t\tConhe\u00e7a alguns modelos BFM\u00ae Fitting\n\t<\/h2>\n\t\t\t\t<img loading=\"lazy\" decoding=\"async\" src=\"https:\/\/www.suprir.com.br\/bfm\/wp-content\/uploads\/2023\/05\/Seeflex_040E-scaled.jpg\" alt=\"Seeflex_040E\" itemprop=\"image\" height=\"2560\" width=\"2157\" title=\"Seeflex_040E\" onerror=\"this.style.display='none'\"  \/>\n\t<p>Conector Seeflex 040E<\/p>\n\t\t\t\t<img loading=\"lazy\" decoding=\"async\" src=\"https:\/\/www.suprir.com.br\/bfm\/wp-content\/uploads\/2023\/05\/Seeflex_040AS-scaled.jpg\" alt=\"Seeflex_040AS\" itemprop=\"image\" height=\"2560\" width=\"2157\" title=\"Seeflex_040AS\" onerror=\"this.style.display='none'\"  \/>\n\t<p>Conector Seeflex 040AS<\/p>\n\t\t\t\t<img loading=\"lazy\" decoding=\"async\" src=\"https:\/\/www.suprir.com.br\/bfm\/wp-content\/uploads\/2023\/05\/Seeflex_060ES_v2-scaled.jpg\" alt=\"Seeflex_060ES_v2\" itemprop=\"image\" height=\"2560\" width=\"2157\" title=\"Seeflex_060ES_v2\" onerror=\"this.style.display='none'\"  \/>\n\t<p>Conector Seeflex 060ES<\/p>\n\t\t\t\t<img loading=\"lazy\" decoding=\"async\" src=\"https:\/\/www.suprir.com.br\/bfm\/wp-content\/uploads\/2023\/05\/Seeflex_020E-scaled.jpg\" alt=\"Seeflex_020E\" itemprop=\"image\" height=\"2560\" width=\"2157\" title=\"Seeflex_020E\" onerror=\"this.style.display='none'\"  \/>\n\t<p>Conector Seeflex 020E<\/p>\n\t\t\t\t<img loading=\"lazy\" decoding=\"async\" src=\"https:\/\/www.suprir.com.br\/bfm\/wp-content\/uploads\/2023\/05\/Flexi-scaled.jpg\" alt=\"Flexi\" itemprop=\"image\" height=\"2560\" width=\"2157\" title=\"Flexi\" onerror=\"this.style.display='none'\"  \/>\n\t<p>Conector Flexi Light<\/p>\n\t\t\t<a href=\"https:\/\/www.suprir.com.br\/bfm\/folder-bfm.pdf\" target=\"_blank\" rel=\"noopener\">\n\t\t\t\t\t\tacesse o nosso portf\u00f3lio completo\n\t\t\t\t\t<\/a>\n\t<h2>Alguns de nossos clientes<\/h2>\n\t\t\t\t<img loading=\"lazy\" decoding=\"async\" src=\"https:\/\/www.suprir.com.br\/bfm\/wp-content\/uploads\/2023\/05\/ajinomoto-logo-1.png\" alt=\"ajinomoto-logo-1\" itemprop=\"image\" height=\"2996\" width=\"4095\" title=\"ajinomoto-logo-1\" onerror=\"this.style.display='none'\"  \/>\n\t\t\t\t<img loading=\"lazy\" decoding=\"async\" src=\"https:\/\/www.suprir.com.br\/bfm\/wp-content\/uploads\/2023\/05\/Pfizer_logo.svg-300x178.png\" alt=\"Pfizer_logo.svg\" itemprop=\"image\" height=\"178\" width=\"300\" title=\"Pfizer_logo.svg\" onerror=\"this.style.display='none'\"  \/>\n\t\t\t\t<img loading=\"lazy\" decoding=\"async\" src=\"https:\/\/www.suprir.com.br\/bfm\/wp-content\/uploads\/2023\/05\/Logo_Bayer.svg-300x300.png\" alt=\"Logo_Bayer.svg\" itemprop=\"image\" height=\"300\" width=\"300\" title=\"Logo_Bayer.svg\" onerror=\"this.style.display='none'\"  \/>\n\t\t\t\t<img loading=\"lazy\" decoding=\"async\" src=\"https:\/\/www.suprir.com.br\/bfm\/wp-content\/uploads\/2023\/05\/Danone-Logo-300x169.png\" alt=\"Danone-Logo\" itemprop=\"image\" height=\"169\" width=\"300\" title=\"Danone-Logo\" onerror=\"this.style.display='none'\"  \/>\n\t\t\t\t<img loading=\"lazy\" decoding=\"async\" src=\"https:\/\/www.suprir.com.br\/bfm\/wp-content\/uploads\/2023\/05\/Nestle-Logo.png\" alt=\"Nestle-Logo\" itemprop=\"image\" height=\"2160\" width=\"3840\" title=\"Nestle-Logo\" onerror=\"this.style.display='none'\"  \/>\n\t\t\t\t<img loading=\"lazy\" decoding=\"async\" src=\"https:\/\/www.suprir.com.br\/bfm\/wp-content\/uploads\/2023\/05\/gsk-4096.png\" alt=\"gsk-4096\" itemprop=\"image\" height=\"4096\" width=\"4096\" title=\"gsk-4096\" onerror=\"this.style.display='none'\"  \/>\n<h2>\n\t\tSuprir: Distribuidora exclusiva BFM\u00ae Fitting no Brasil\n\t<\/h2>\n<p>A distribuidora exclusiva BFM\u00ae Fitting no Brasil \u00e9 a <a href=\"https:\/\/www.suprir.com.br\" target=\"_blank\" rel=\"noopener\">Suprir<\/a>, empresa consolidada no mercado nacional e uma das l\u00edderes no mercado de A\u00e7o Inox e Borracha.<\/p>\n<p>Com mais de 150 colaboradores, possui um time de vendas especializado na venda de solu\u00e7\u00f5es para diversos segmentos, como revendas, ind\u00fastrias e usinas.<\/p>\n<p>Al\u00e9m disso, a Suprir conta com vendedores t\u00e9cnicos e engenheiros preparados para o planejamento e execu\u00e7\u00e3o de diversos projetos exclusivos e \u00fanicos, o que torna a empresa preparada para encontrar a solu\u00e7\u00e3o ideal para o seu neg\u00f3cio.<\/p>\n\t\t\t\t<img loading=\"lazy\" decoding=\"async\" src=\"https:\/\/www.suprir.com.br\/bfm\/wp-content\/uploads\/2023\/05\/suprir-industria.jpg\" alt=\"suprir-industria\" itemprop=\"image\" height=\"353\" width=\"512\" title=\"suprir-industria\" onerror=\"this.style.display='none'\"  \/>\n\t\t\t<a href=\"https:\/\/www.suprir.com.br\/bfm\/contato\/\" target=\"_self\" rel=\"noopener\">\n\t\t\t\t\t\tComo podemos te ajudar?\n\t\t\t\t\t<\/a>\n\n","protected":false},"excerpt":{"rendered":"<p>O novo padr\u00e3o da ind\u00fastria para conectores flex\u00edveis Os conectores flex\u00edveis BFM\u00ae Fitting manter\u00e3o suas \u00e1reas de produ\u00e7\u00e3o mais limpas, economizando tempo valioso, dinheiro e proporcionando um ambiente melhor para a equipe. Conhe\u00e7a mais sobre o produto Melhora a higiene N\u00e3o h\u00e1 ac\u00famulo de produto e a f\u00e1cil passagem para limpeza fornece uma solu\u00e7\u00e3o de [&hellip;]<\/p>\n","protected":false},"author":2,"featured_media":0,"parent":0,"menu_order":0,"comment_status":"closed","ping_status":"closed","template":"","meta":{"_uag_custom_page_level_css":"","site-sidebar-layout":"no-sidebar","site-content-layout":"page-builder","ast-site-content-layout":"full-width-container","site-content-style":"unboxed","site-sidebar-style":"unboxed","ast-global-header-display":"","ast-banner-title-visibility":"","ast-main-header-display":"","ast-hfb-above-header-display":"","ast-hfb-below-header-display":"","ast-hfb-mobile-header-display":"","site-post-title":"disabled","ast-breadcrumbs-content":"","ast-featured-img":"disabled","footer-sml-layout":"","theme-transparent-header-meta":"enabled","adv-header-id-meta":"","stick-header-meta":"","header-above-stick-meta":"","header-main-stick-meta":"","header-below-stick-meta":"","astra-migrate-meta-layouts":"set","ast-page-background-enabled":"default","ast-page-background-meta":{"desktop":{"background-color":"","background-image":"","background-repeat":"repeat","background-position":"center center","background-size":"auto","background-attachment":"scroll","background-type":"","background-media":"","overlay-type":"","overlay-color":"","overlay-opacity":"","overlay-gradient":""},"tablet":{"background-color":"","background-image":"","background-repeat":"repeat","background-position":"center center","background-size":"auto","background-attachment":"scroll","background-type":"","background-media":"","overlay-type":"","overlay-color":"","overlay-opacity":"","overlay-gradient":""},"mobile":{"background-color":"","background-image":"","background-repeat":"repeat","background-position":"center center","background-size":"auto","background-attachment":"scroll","background-type":"","background-media":"","overlay-type":"","overlay-color":"","overlay-opacity":"","overlay-gradient":""}},"ast-content-background-meta":{"desktop":{"background-color":"var(--ast-global-color-5)","background-image":"","background-repeat":"repeat","background-position":"center center","background-size":"auto","background-attachment":"scroll","background-type":"","background-media":"","overlay-type":"","overlay-color":"","overlay-opacity":"","overlay-gradient":""},"tablet":{"background-color":"var(--ast-global-color-5)","background-image":"","background-repeat":"repeat","background-position":"center center","background-size":"auto","background-attachment":"scroll","background-type":"","background-media":"","overlay-type":"","overlay-color":"","overlay-opacity":"","overlay-gradient":""},"mobile":{"background-color":"var(--ast-global-color-5)","background-image":"","background-repeat":"repeat","background-position":"center center","background-size":"auto","background-attachment":"scroll","background-type":"","background-media":"","overlay-type":"","overlay-color":"","overlay-opacity":"","overlay-gradient":""}},"footnotes":""},"class_list":["post-24972","page","type-page","status-publish","hentry"],"uagb_featured_image_src":{"full":false,"thumbnail":false,"medium":false,"medium_large":false,"large":false,"1536x1536":false,"2048x2048":false},"uagb_author_info":{"display_name":"site-bfm","author_link":"https:\/\/www.suprir.com.br\/bfm\/author\/site-bfm\/"},"uagb_comment_info":0,"uagb_excerpt":"O novo padr\u00e3o da ind\u00fastria para conectores flex\u00edveis Os conectores flex\u00edveis BFM\u00ae Fitting manter\u00e3o suas \u00e1reas de produ\u00e7\u00e3o mais limpas, economizando tempo valioso, dinheiro e proporcionando um ambiente melhor para a equipe. Conhe\u00e7a mais sobre o produto Melhora a higiene N\u00e3o h\u00e1 ac\u00famulo de produto e a f\u00e1cil passagem para limpeza fornece uma solu\u00e7\u00e3o de&hellip;","_links":{"self":[{"href":"https:\/\/www.suprir.com.br\/bfm\/wp-json\/wp\/v2\/pages\/24972","targetHints":{"allow":["GET"]}}],"collection":[{"href":"https:\/\/www.suprir.com.br\/bfm\/wp-json\/wp\/v2\/pages"}],"about":[{"href":"https:\/\/www.suprir.com.br\/bfm\/wp-json\/wp\/v2\/types\/page"}],"author":[{"embeddable":true,"href":"https:\/\/www.suprir.com.br\/bfm\/wp-json\/wp\/v2\/users\/2"}],"replies":[{"embeddable":true,"href":"https:\/\/www.suprir.com.br\/bfm\/wp-json\/wp\/v2\/comments?post=24972"}],"version-history":[{"count":60,"href":"https:\/\/www.suprir.com.br\/bfm\/wp-json\/wp\/v2\/pages\/24972\/revisions"}],"predecessor-version":[{"id":25362,"href":"https:\/\/www.suprir.com.br\/bfm\/wp-json\/wp\/v2\/pages\/24972\/revisions\/25362"}],"wp:attachment":[{"href":"https:\/\/www.suprir.com.br\/bfm\/wp-json\/wp\/v2\/media?parent=24972"}],"curies":[{"name":"wp","href":"https:\/\/api.w.org\/{rel}","templated":true}]}}